{"id":789,"date":"2016-05-24T08:31:19","date_gmt":"2016-05-24T07:31:19","guid":{"rendered":"https:\/\/a-courtois.buffet-multisite.buffet-preprod-02.modulodigital.com\/zh-hans\/our-story\/"},"modified":"2021-10-25T16:56:59","modified_gmt":"2021-10-25T15:56:59","slug":"our-story","status":"publish","type":"page","link":"https:\/\/a-courtois.buffet-multisite.buffet-preprod-02.modulodigital.com\/zh-hans\/our-story\/","title":{"rendered":"\u6211\u4eec\u7684\u5386\u53f2"},"content":{"rendered":"<p><!-- ========= Cool Timeline PRO 4.4.3 ========= --><\/p>\n<div style=\"opacity:0;\" \n    data-showposts=\"25\"\n     class=\"cool_timeline cool-timeline-wrapper both-sided-wrapper light-timeline-wrapper main-design-3\" \n     id=\"tm-default-design-3-9\"  \n     data-pagination=\"yes\"  \n     data-pagination-position=\"left\"\n     data-line-filling=\"false\"><\/p>\n<div class=\"cool-timeline ultimate-style  light-timeline \">\n<div class=\"cool_timeline_start\"><\/div>\n<div  class=\"filter-preloaders\"><img decoding=\"async\" src=\"https:\/\/a-courtois.buffet-multisite.buffet-preprod-02.modulodigital.com\/wp-content\/plugins\/cool-timeline-pro\/\/assets\/images\/clt-compact-preloader.gif\"><\/div>\n<div data-animations=\"\"  id=\"timeline-6\" class=\"cooltimeline_cont  clearfix icons_yes\"><!-- .timeline-post-start--><\/p>\n<div   data-alternate=\"0\" id=\"story-2715\" class=\"timeline-post odd white-post icons_yes post-2715  design-3-meta\">\n<div   data-aos=\"\" class=\"timeline-meta\">\n<div class=\"meta-details\"><\/div>\n<\/div>\n<div   data-aos=\"\" class=\"timeline-icon icon-larger iconbg-turqoise icon-color-white design-3-icon\">\n<div class=\"icon-placeholder\"><i class=\"fa fa-clock-o\" aria-hidden=\"true\"><\/i><\/div>\n<div class=\"timeline-bar\"><\/div>\n<\/p><\/div>\n<div  data-aos=\"\"  class=\"timeline-content  clearfix odd   design-3-content \">\n<div class=\"ctl_info event-description \">\n<div class=\"content-details\">\n<h2 class=\"content-title-2\">1789<\/h2>\n<p>Antoine Courtois&#8217; father creates the first family-run worship for manufacturing instruments during the french revolution in Paris rue Mazarine. Located in what is know how as the Latin quarter of Saint-Germain-des-Pr\u00e9s. A natural horn exhibited in Berlin and a cavalery trumpet in the museum of Paris conservatory bear witness by their engravings to this early period.<\/p>\n<p>The trumpet was once the property of the parliamentary officer sent by Napoleon Bonaparte to the siege of St John d&#8217;Acre in 1799.<\/p>\n<\/div>\n<\/div>\n<\/div>\n<p><!-- timeline content --><\/div>\n<p>        <!-- .timeline-post-end --><!-- .timeline-post-start--><\/p>\n<div   data-alternate=\"1\" id=\"story-2714\" class=\"timeline-post even white-post icons_yes post-2714 story-cat-200  design-3-meta\">\n<div   data-aos=\"\" class=\"timeline-meta\">\n<div class=\"meta-details\"><\/div>\n<\/div>\n<div   data-aos=\"\" class=\"timeline-icon icon-larger iconbg-turqoise icon-color-white design-3-icon\">\n<div class=\"icon-placeholder\"><i class=\"fa fa-clock-o\" aria-hidden=\"true\"><\/i><\/div>\n<div class=\"timeline-bar\"><\/div>\n<\/p><\/div>\n<div  data-aos=\"\"  class=\"timeline-content  clearfix even   design-3-content \">\n<div class=\"ctl_info event-description \">\n<div class=\"content-details\">\n<h2 class=\"content-title-2\">1803<\/h2>\n<p>Antoine Courtois (1770-1855) moves his workshops to 21 rue du Caire. Included among his instruments of this era , semi circular trumpets sounding similar to the horn, slide trombones, flugelhorns with keys, horns and few ophicleides were found.<\/p>\n<\/div>\n<\/div>\n<\/div>\n<p><!-- timeline content --><\/div>\n<p>        <!-- .timeline-post-end --><!-- .timeline-post-start--><\/p>\n<div   data-alternate=\"2\" id=\"story-2713\" class=\"timeline-post odd white-post icons_yes post-2713 story-cat-200  design-3-meta\">\n<div   data-aos=\"\" class=\"timeline-meta\">\n<div class=\"meta-details\"><\/div>\n<\/div>\n<div   data-aos=\"\" class=\"timeline-icon icon-larger iconbg-turqoise icon-color-white design-3-icon\">\n<div class=\"icon-placeholder\"><i class=\"fa fa-clock-o\" aria-hidden=\"true\"><\/i><\/div>\n<div class=\"timeline-bar\"><\/div>\n<\/p><\/div>\n<div  data-aos=\"\"  class=\"timeline-content  clearfix odd   design-3-content \">\n<div class=\"ctl_info event-description \">\n<div class=\"content-details\">\n<h2 class=\"content-title-2\">1851<\/h2>\n<p>On the 21st of February 1851, Denis A. Courtois&#8217; son and successor of Antoine Courtois in 1844, patents his invention at the Seine Department Prefecture for improvements in the manufacturing of brass instruments and in particular for making valves.<\/p>\n<\/div>\n<\/div>\n<\/div>\n<p><!-- timeline content --><\/div>\n<p>        <!-- .timeline-post-end --><!-- .timeline-post-start--><\/p>\n<div   data-alternate=\"3\" id=\"story-2712\" class=\"timeline-post even white-post icons_yes post-2712 story-cat-200  design-3-meta\">\n<div   data-aos=\"\" class=\"timeline-meta\">\n<div class=\"meta-details\"><\/div>\n<\/div>\n<div   data-aos=\"\" class=\"timeline-icon icon-larger iconbg-turqoise icon-color-white design-3-icon\">\n<div class=\"icon-placeholder\"><i class=\"fa fa-clock-o\" aria-hidden=\"true\"><\/i><\/div>\n<div class=\"timeline-bar\"><\/div>\n<\/p><\/div>\n<div  data-aos=\"\"  class=\"timeline-content  clearfix even   design-3-content \">\n<div class=\"ctl_info event-description \">\n<div class=\"content-details\">\n<h2 class=\"content-title-2\">1856<\/h2>\n<p>Denis A. Courtois moves the manufacturing plant to 88 rue du Marais, where he works on improving instruments in partnership with renowned artists such as Jean-Baptiste Arban, a collaboration that would bring us the Arban valve.<\/p>\n<\/div>\n<\/div>\n<\/div>\n<p><!-- timeline content --><\/div>\n<p>        <!-- .timeline-post-end --><!-- .timeline-post-start--><\/p>\n<div   data-alternate=\"4\" id=\"story-2711\" class=\"timeline-post odd white-post icons_yes post-2711 story-cat-200  design-3-meta\">\n<div   data-aos=\"\" class=\"timeline-meta\">\n<div class=\"meta-details\"><\/div>\n<\/div>\n<div   data-aos=\"\" class=\"timeline-icon icon-larger iconbg-turqoise icon-color-white design-3-icon\">\n<div class=\"icon-placeholder\"><i class=\"fa fa-clock-o\" aria-hidden=\"true\"><\/i><\/div>\n<div class=\"timeline-bar\"><\/div>\n<\/p><\/div>\n<div  data-aos=\"\"  class=\"timeline-content  clearfix odd   design-3-content \">\n<div class=\"ctl_info event-description \">\n<div class=\"content-details\">\n<h2 class=\"content-title-2\">1878<\/h2>\n<p>The Antoine Courtois business wins the gold medal at the Universal exhibition in Paris for the quality of their instruments &#8220;of an excellent workmanship and impeccable accuracy&#8221;<\/p>\n<\/div>\n<\/div>\n<\/div>\n<p><!-- timeline content --><\/div>\n<p>        <!-- .timeline-post-end --><!-- .timeline-post-start--><\/p>\n<div   data-alternate=\"5\" id=\"story-2710\" class=\"timeline-post even white-post icons_yes post-2710 story-cat-200  design-3-meta\">\n<div   data-aos=\"\" class=\"timeline-meta\">\n<div class=\"meta-details\"><\/div>\n<\/div>\n<div   data-aos=\"\" class=\"timeline-icon icon-larger iconbg-turqoise icon-color-white design-3-icon\">\n<div class=\"icon-placeholder\"><i class=\"fa fa-clock-o\" aria-hidden=\"true\"><\/i><\/div>\n<div class=\"timeline-bar\"><\/div>\n<\/p><\/div>\n<div  data-aos=\"\"  class=\"timeline-content  clearfix even   design-3-content \">\n<div class=\"ctl_info event-description \">\n<div class=\"content-details\">\n<h2 class=\"content-title-2\">1880<\/h2>\n<p>Denis A. Courtois having no descendant is succeeded after his death by workshop foreman Auguste Mille, who on 29th July 1880, founds the Antoine Courtois and Mille society with 20000 francs capital. He runs the company for the next 15 years, having at that time nearly 25 employees. This is a period that would reap many awards from various international exhibitions.<\/p>\n<\/div>\n<\/div>\n<\/div>\n<p><!-- timeline content --><\/div>\n<p>        <!-- .timeline-post-end --><!-- .timeline-post-start--><\/p>\n<div   data-alternate=\"6\" id=\"story-2709\" class=\"timeline-post odd white-post icons_yes post-2709 story-cat-200  design-3-meta\">\n<div   data-aos=\"\" class=\"timeline-meta\">\n<div class=\"meta-details\"><\/div>\n<\/div>\n<div   data-aos=\"\" class=\"timeline-icon icon-larger iconbg-turqoise icon-color-white design-3-icon\">\n<div class=\"icon-placeholder\"><i class=\"fa fa-clock-o\" aria-hidden=\"true\"><\/i><\/div>\n<div class=\"timeline-bar\"><\/div>\n<\/p><\/div>\n<div  data-aos=\"\"  class=\"timeline-content  clearfix odd   design-3-content \">\n<div class=\"ctl_info event-description \">\n<div class=\"content-details\">\n<h2 class=\"content-title-2\">1895<\/h2>\n<p>After 1895, Emile Delvaux and Amedee Legay succeed Auguste Mille, and give instruments away to the most deserving musicians at the Paris Conservatory and continue collecting rewards at universal exhibitions.<\/p>\n<\/div>\n<\/div>\n<\/div>\n<p><!-- timeline content --><\/div>\n<p>        <!-- .timeline-post-end --><!-- .timeline-post-start--><\/p>\n<div   data-alternate=\"7\" id=\"story-2708\" class=\"timeline-post even white-post icons_yes post-2708 story-cat-200  design-3-meta\">\n<div   data-aos=\"\" class=\"timeline-meta\">\n<div class=\"meta-details\"><\/div>\n<\/div>\n<div   data-aos=\"\" class=\"timeline-icon icon-larger iconbg-turqoise icon-color-white design-3-icon\">\n<div class=\"icon-placeholder\"><i class=\"fa fa-clock-o\" aria-hidden=\"true\"><\/i><\/div>\n<div class=\"timeline-bar\"><\/div>\n<\/p><\/div>\n<div  data-aos=\"\"  class=\"timeline-content  clearfix even   design-3-content \">\n<div class=\"ctl_info event-description \">\n<div class=\"content-details\">\n<h2 class=\"content-title-2\">1909<\/h2>\n<p>Antoine Courtois&#8217; brand becomes the exclusive supplier of the Ministry of Beaux Arts for the conservatory of Paris and other departments the Op\u00e9ra, the Op\u00e9ra comique, classical concerts and la Garde R\u00e9publicaine.<\/p>\n<\/div>\n<\/div>\n<\/div>\n<p><!-- timeline content --><\/div>\n<p>        <!-- .timeline-post-end --><!-- .timeline-post-start--><\/p>\n<div   data-alternate=\"8\" id=\"story-2707\" class=\"timeline-post odd white-post icons_yes post-2707 story-cat-200  design-3-meta\">\n<div   data-aos=\"\" class=\"timeline-meta\">\n<div class=\"meta-details\"><\/div>\n<\/div>\n<div   data-aos=\"\" class=\"timeline-icon icon-larger iconbg-turqoise icon-color-white design-3-icon\">\n<div class=\"icon-placeholder\"><i class=\"fa fa-clock-o\" aria-hidden=\"true\"><\/i><\/div>\n<div class=\"timeline-bar\"><\/div>\n<\/p><\/div>\n<div  data-aos=\"\"  class=\"timeline-content  clearfix odd   design-3-content \">\n<div class=\"ctl_info event-description \">\n<div class=\"content-details\">\n<h2 class=\"content-title-2\">1917<\/h2>\n<p>The music publisher Emmanuel Gaudet and Emile Deslaurier acquired Antoine Courtois&#8217; manufacturing plant located at 88 rue du Marais, they lend a new perspective and bring 100000 francs to the capital of the company in 31st August 1927, and relocated the company 8 rue de Nancy.<\/p>\n<\/div>\n<\/div>\n<\/div>\n<p><!-- timeline content --><\/div>\n<p>        <!-- .timeline-post-end --><!-- .timeline-post-start--><\/p>\n<div   data-alternate=\"9\" id=\"story-2706\" class=\"timeline-post even white-post icons_yes post-2706 story-cat-200  design-3-meta\">\n<div   data-aos=\"\" class=\"timeline-meta\">\n<div class=\"meta-details\"><\/div>\n<\/div>\n<div   data-aos=\"\" class=\"timeline-icon icon-larger iconbg-turqoise icon-color-white design-3-icon\">\n<div class=\"icon-placeholder\"><i class=\"fa fa-clock-o\" aria-hidden=\"true\"><\/i><\/div>\n<div class=\"timeline-bar\"><\/div>\n<\/p><\/div>\n<div  data-aos=\"\"  class=\"timeline-content  clearfix even   design-3-content \">\n<div class=\"ctl_info event-description \">\n<div class=\"content-details\">\n<h2 class=\"content-title-2\">1956<\/h2>\n<p>Paul Gaudet, succeeded to his father at the direction of the company and opens a manufacturing plant in Amboise Indre et Loire.<\/p>\n<\/div>\n<\/div>\n<\/div>\n<p><!-- timeline content --><\/div>\n<p>        <!-- .timeline-post-end --><!-- .timeline-post-start--><\/p>\n<div   data-alternate=\"10\" id=\"story-2705\" class=\"timeline-post odd white-post icons_yes post-2705 story-cat-200  design-3-meta\">\n<div   data-aos=\"\" class=\"timeline-meta\">\n<div class=\"meta-details\"><\/div>\n<\/div>\n<div   data-aos=\"\" class=\"timeline-icon icon-larger iconbg-turqoise icon-color-white design-3-icon\">\n<div class=\"icon-placeholder\"><i class=\"fa fa-clock-o\" aria-hidden=\"true\"><\/i><\/div>\n<div class=\"timeline-bar\"><\/div>\n<\/p><\/div>\n<div  data-aos=\"\"  class=\"timeline-content  clearfix odd   design-3-content \">\n<div class=\"ctl_info event-description \">\n<div class=\"content-details\">\n<h2 class=\"content-title-2\">1967<\/h2>\n<p>Jacques Gaudet starts to work with his father and continues the development and research on instruments with great artists.<\/p>\n<p>He then leads the company since 1980.<\/p>\n<\/div>\n<\/div>\n<\/div>\n<p><!-- timeline content --><\/div>\n<p>        <!-- .timeline-post-end --><!-- .timeline-post-start--><\/p>\n<div   data-alternate=\"11\" id=\"story-2704\" class=\"timeline-post even white-post icons_yes post-2704 story-cat-200  design-3-meta\">\n<div   data-aos=\"\" class=\"timeline-meta\">\n<div class=\"meta-details\"><\/div>\n<\/div>\n<div   data-aos=\"\" class=\"timeline-icon icon-larger iconbg-turqoise icon-color-white design-3-icon\">\n<div class=\"icon-placeholder\"><i class=\"fa fa-clock-o\" aria-hidden=\"true\"><\/i><\/div>\n<div class=\"timeline-bar\"><\/div>\n<\/p><\/div>\n<div  data-aos=\"\"  class=\"timeline-content  clearfix even   design-3-content \">\n<div class=\"ctl_info event-description \">\n<div class=\"content-details\">\n<h2 class=\"content-title-2\">2006<\/h2>\n<p>After several years as part of the german group JA Musik, Antoine Courtois&#8217; brand is back to french history with the acquisition by Buffet Crampon Group and then concentrated on its historic expertise.<\/p>\n<\/div>\n<\/div>\n<\/div>\n<p><!-- timeline content --><\/div>\n<p>        <!-- .timeline-post-end --><!-- .timeline-post-start--><\/p>\n<div   data-alternate=\"12\" id=\"story-2703\" class=\"timeline-post odd white-post icons_yes post-2703 story-cat-200  design-3-meta\">\n<div   data-aos=\"\" class=\"timeline-meta\">\n<div class=\"meta-details\"><\/div>\n<\/div>\n<div   data-aos=\"\" class=\"timeline-icon icon-larger iconbg-turqoise icon-color-white design-3-icon\">\n<div class=\"icon-placeholder\"><i class=\"fa fa-clock-o\" aria-hidden=\"true\"><\/i><\/div>\n<div class=\"timeline-bar\"><\/div>\n<\/p><\/div>\n<div  data-aos=\"\"  class=\"timeline-content  clearfix odd   design-3-content \">\n<div class=\"ctl_info event-description \">\n<div class=\"content-details\">\n<h2 class=\"content-title-2\">2013<\/h2>\n<p>Buffet Crampon group acquires B&amp;S GmbH, the german company founded 250 years ago and which is leading german brass instrument brands manufactured in Markneukirchen. Then Antoine Courtois&#8217;workshops moves their to join the manufacturing of the top quality brass brands.<\/p>\n<\/div>\n<\/div>\n<\/div>\n<p><!-- timeline content --><\/div>\n<p>        <!-- .timeline-post-end --><\/p>\n<style type=\"text\/css\"><\/style>\n<div  class=\"end-timeline clearfix\"><\/div>\n<\/div>\n<div class=\"cool_timeline_end\"><\/div>\n<div class=\"ctl_center_line_filling\"><\/div>\n<\/div>\n<\/div>\n<p>  <!-- end\n================================================== --><\/p>\n<style type=\"text\/css\"><\/style>\n","protected":false},"excerpt":{"rendered":"","protected":false},"author":12,"featured_media":0,"parent":0,"menu_order":0,"comment_status":"closed","ping_status":"closed","template":"","meta":{"_acf_changed":false,"_relevanssi_hide_post":"","_relevanssi_pin_for_all":"","_relevanssi_pin_keywords":"","_relevanssi_unpin_keywords":"","_relevanssi_related_keywords":"","_relevanssi_related_include_ids":"","_relevanssi_related_exclude_ids":"","_relevanssi_related_no_append":"","_relevanssi_related_not_related":"","_relevanssi_related_posts":"","_relevanssi_noindex_reason":"","footnotes":""},"class_list":["post-789","page","type-page","status-publish","hentry"],"acf":[],"_links":{"self":[{"href":"https:\/\/a-courtois.buffet-multisite.buffet-preprod-02.modulodigital.com\/zh-hans\/wp-json\/wp\/v2\/pages\/789","targetHints":{"allow":["GET"]}}],"collection":[{"href":"https:\/\/a-courtois.buffet-multisite.buffet-preprod-02.modulodigital.com\/zh-hans\/wp-json\/wp\/v2\/pages"}],"about":[{"href":"https:\/\/a-courtois.buffet-multisite.buffet-preprod-02.modulodigital.com\/zh-hans\/wp-json\/wp\/v2\/types\/page"}],"author":[{"embeddable":true,"href":"https:\/\/a-courtois.buffet-multisite.buffet-preprod-02.modulodigital.com\/zh-hans\/wp-json\/wp\/v2\/users\/12"}],"replies":[{"embeddable":true,"href":"https:\/\/a-courtois.buffet-multisite.buffet-preprod-02.modulodigital.com\/zh-hans\/wp-json\/wp\/v2\/comments?post=789"}],"version-history":[{"count":2,"href":"https:\/\/a-courtois.buffet-multisite.buffet-preprod-02.modulodigital.com\/zh-hans\/wp-json\/wp\/v2\/pages\/789\/revisions"}],"predecessor-version":[{"id":2718,"href":"https:\/\/a-courtois.buffet-multisite.buffet-preprod-02.modulodigital.com\/zh-hans\/wp-json\/wp\/v2\/pages\/789\/revisions\/2718"}],"wp:attachment":[{"href":"https:\/\/a-courtois.buffet-multisite.buffet-preprod-02.modulodigital.com\/zh-hans\/wp-json\/wp\/v2\/media?parent=789"}],"curies":[{"name":"wp","href":"https:\/\/api.w.org\/{rel}","templated":true}]}}